{"id":3756,"date":"2025-06-01T00:01:59","date_gmt":"2025-06-01T00:01:59","guid":{"rendered":"https:\/\/amritabha.com\/?post_type=product&#038;p=3756"},"modified":"2026-01-20T11:45:16","modified_gmt":"2026-01-20T11:45:16","slug":"juni-licht-und-koerper","status":"publish","type":"product","link":"https:\/\/amritabha.com\/de\/produkt\/juni-licht-und-koerper\/","title":{"rendered":"6: Licht und K\u00f6rper"},"content":{"rendered":"","protected":false},"excerpt":{"rendered":"<p>In 2025 habe ich diese Serie der 1<strong>2 Sch\u00f6pfungskristalle der Erde<\/strong> online gestellt.<br \/>\nWann auch immer dich ein Thema anspricht, kannst du es w\u00e4hlen und mit dem entsprechenden Sch\u00f6pfungskristall arbeiten &#8211; sie sind unabh\u00e4ngig voneinander und an keine Reihenfolge gebunden.<\/p>\n<p><strong>6: Licht und K\u00f6rper<\/strong><\/p>\n<p>In Kontakt mit dem H\u00fcter des Lichts und der damit verbunden \u00dcbung, k\u00f6nnen wir die Frequenzerh\u00f6hung f\u00fcr unsere physischen K\u00f6rper ganz bewusst sehr erleichtern, und so erkennen, mit welchen Ebenen wir verbunden sind, und was davon jetzt in unserem allt\u00e4glichen Leben gelebt werden m\u00f6chte.<\/p>\n<p>Ich f\u00fchre dich in Verbindung mit der jeweiligen Ebene und dem Thema, begleite dich durch die entsprechenden Prozesse, so dass du f\u00fcr dich deine n\u00e4chsten Schritte erkennen kannst. Das Seminar wird in deutsch und englisch gehalten.<\/p>\n<p>Dauer: 20-30min<\/p>\n","protected":false},"featured_media":3759,"template":"","meta":[],"product_brand":[],"product_cat":[124],"product_tag":[],"class_list":{"0":"post-3756","1":"product","2":"type-product","3":"status-publish","4":"has-post-thumbnail","6":"product_cat-online-de","8":"first","9":"instock","10":"downloadable","11":"virtual","12":"taxable","13":"purchasable","14":"product-type-simple"},"yoast_head":"<!-- This site is optimized with the Yoast SEO plugin v27.2 - https:\/\/yoast.com\/product\/yoast-seo-wordpress\/ -->\n<title>6: Licht und K\u00f6rper - Amritabha<\/title>\n<meta name=\"description\" content=\"Januar: In Verbindung mit diesem Sch\u00f6pfungskristall nehmen wir uns selbst an und finden Stabilit\u00e4t, Ausrichtung und F\u00fchrung.\" \/>\n<meta name=\"robots\" content=\"index, follow, max-snippet:-1, max-image-preview:large, max-video-preview:-1\" \/>\n<link rel=\"canonical\" href=\"https:\/\/amritabha.com\/de\/produkt\/juni-licht-und-koerper\/\" \/>\n<meta property=\"og:locale\" content=\"de_DE\" \/>\n<meta property=\"og:type\" content=\"article\" \/>\n<meta property=\"og:title\" content=\"6: Licht und K\u00f6rper - Amritabha\" \/>\n<meta property=\"og:description\" content=\"Januar: In Verbindung mit diesem Sch\u00f6pfungskristall nehmen wir uns selbst an und finden Stabilit\u00e4t, Ausrichtung und F\u00fchrung.\" \/>\n<meta property=\"og:url\" content=\"https:\/\/amritabha.com\/de\/produkt\/juni-licht-und-koerper\/\" \/>\n<meta property=\"og:site_name\" content=\"Amritabha\" \/>\n<meta property=\"article:modified_time\" content=\"2026-01-20T11:45:16+00:00\" \/>\n<meta property=\"og:image\" content=\"https:\/\/amritabha.com\/wp-content\/uploads\/2025\/05\/2025-06-Licht-und-Koerper.jpg\" \/>\n\t<meta property=\"og:image:width\" content=\"600\" \/>\n\t<meta property=\"og:image:height\" content=\"600\" \/>\n\t<meta property=\"og:image:type\" content=\"image\/jpeg\" \/>\n<meta name=\"twitter:card\" content=\"summary_large_image\" \/>\n<meta name=\"twitter:label1\" content=\"Gesch\u00e4tzte Lesezeit\" \/>\n\t<meta name=\"twitter:data1\" content=\"1\u00a0Minute\" \/>\n<script type=\"application\/ld+json\" class=\"yoast-schema-graph\">{\"@context\":\"https:\/\/schema.org\",\"@graph\":[{\"@type\":\"WebPage\",\"@id\":\"https:\/\/amritabha.com\/de\/produkt\/juni-licht-und-koerper\/\",\"url\":\"https:\/\/amritabha.com\/de\/produkt\/juni-licht-und-koerper\/\",\"name\":\"6: Licht und K\u00f6rper - Amritabha\",\"isPartOf\":{\"@id\":\"https:\/\/amritabha.com\/en\/#website\"},\"primaryImageOfPage\":{\"@id\":\"https:\/\/amritabha.com\/de\/produkt\/juni-licht-und-koerper\/#primaryimage\"},\"image\":{\"@id\":\"https:\/\/amritabha.com\/de\/produkt\/juni-licht-und-koerper\/#primaryimage\"},\"thumbnailUrl\":\"https:\/\/amritabha.com\/wp-content\/uploads\/2025\/05\/2025-06-Licht-und-Koerper.jpg\",\"datePublished\":\"2025-06-01T00:01:59+00:00\",\"dateModified\":\"2026-01-20T11:45:16+00:00\",\"description\":\"Januar: In Verbindung mit diesem Sch\u00f6pfungskristall nehmen wir uns selbst an und finden Stabilit\u00e4t, Ausrichtung und F\u00fchrung.\",\"breadcrumb\":{\"@id\":\"https:\/\/amritabha.com\/de\/produkt\/juni-licht-und-koerper\/#breadcrumb\"},\"inLanguage\":\"de\",\"potentialAction\":[{\"@type\":\"ReadAction\",\"target\":[\"https:\/\/amritabha.com\/de\/produkt\/juni-licht-und-koerper\/\"]}]},{\"@type\":\"ImageObject\",\"inLanguage\":\"de\",\"@id\":\"https:\/\/amritabha.com\/de\/produkt\/juni-licht-und-koerper\/#primaryimage\",\"url\":\"https:\/\/amritabha.com\/wp-content\/uploads\/2025\/05\/2025-06-Licht-und-Koerper.jpg\",\"contentUrl\":\"https:\/\/amritabha.com\/wp-content\/uploads\/2025\/05\/2025-06-Licht-und-Koerper.jpg\",\"width\":600,\"height\":600},{\"@type\":\"BreadcrumbList\",\"@id\":\"https:\/\/amritabha.com\/de\/produkt\/juni-licht-und-koerper\/#breadcrumb\",\"itemListElement\":[{\"@type\":\"ListItem\",\"position\":1,\"name\":\"Home\",\"item\":\"https:\/\/amritabha.com\/en\/\"},{\"@type\":\"ListItem\",\"position\":2,\"name\":\"Shop\",\"item\":\"https:\/\/amritabha.com\/de\/shop-2\/\"},{\"@type\":\"ListItem\",\"position\":3,\"name\":\"6: Licht und K\u00f6rper\"}]},{\"@type\":\"WebSite\",\"@id\":\"https:\/\/amritabha.com\/en\/#website\",\"url\":\"https:\/\/amritabha.com\/en\/\",\"name\":\"Amritabha\",\"description\":\"a place to be your Self  &amp; Spiritual School in Alsace\",\"publisher\":{\"@id\":\"https:\/\/amritabha.com\/en\/#organization\"},\"potentialAction\":[{\"@type\":\"SearchAction\",\"target\":{\"@type\":\"EntryPoint\",\"urlTemplate\":\"https:\/\/amritabha.com\/en\/?s={search_term_string}\"},\"query-input\":{\"@type\":\"PropertyValueSpecification\",\"valueRequired\":true,\"valueName\":\"search_term_string\"}}],\"inLanguage\":\"de\"},{\"@type\":\"Organization\",\"@id\":\"https:\/\/amritabha.com\/en\/#organization\",\"name\":\"Amritabha\",\"url\":\"https:\/\/amritabha.com\/en\/\",\"logo\":{\"@type\":\"ImageObject\",\"inLanguage\":\"de\",\"@id\":\"https:\/\/amritabha.com\/en\/#\/schema\/logo\/image\/\",\"url\":\"https:\/\/amritabha.com\/wp-content\/uploads\/2021\/05\/amritabha_color_transparent_OK.png\",\"contentUrl\":\"https:\/\/amritabha.com\/wp-content\/uploads\/2021\/05\/amritabha_color_transparent_OK.png\",\"width\":640,\"height\":452,\"caption\":\"Amritabha\"},\"image\":{\"@id\":\"https:\/\/amritabha.com\/en\/#\/schema\/logo\/image\/\"}}]}<\/script>\n<!-- \/ Yoast SEO plugin. -->","yoast_head_json":{"title":"6: Licht und K\u00f6rper - Amritabha","description":"Januar: In Verbindung mit diesem Sch\u00f6pfungskristall nehmen wir uns selbst an und finden Stabilit\u00e4t, Ausrichtung und F\u00fchrung.","robots":{"index":"index","follow":"follow","max-snippet":"max-snippet:-1","max-image-preview":"max-image-preview:large","max-video-preview":"max-video-preview:-1"},"canonical":"https:\/\/amritabha.com\/de\/produkt\/juni-licht-und-koerper\/","og_locale":"de_DE","og_type":"article","og_title":"6: Licht und K\u00f6rper - Amritabha","og_description":"Januar: In Verbindung mit diesem Sch\u00f6pfungskristall nehmen wir uns selbst an und finden Stabilit\u00e4t, Ausrichtung und F\u00fchrung.","og_url":"https:\/\/amritabha.com\/de\/produkt\/juni-licht-und-koerper\/","og_site_name":"Amritabha","article_modified_time":"2026-01-20T11:45:16+00:00","og_image":[{"width":600,"height":600,"url":"https:\/\/amritabha.com\/wp-content\/uploads\/2025\/05\/2025-06-Licht-und-Koerper.jpg","type":"image\/jpeg"}],"twitter_card":"summary_large_image","twitter_misc":{"Gesch\u00e4tzte Lesezeit":"1\u00a0Minute"},"schema":{"@context":"https:\/\/schema.org","@graph":[{"@type":"WebPage","@id":"https:\/\/amritabha.com\/de\/produkt\/juni-licht-und-koerper\/","url":"https:\/\/amritabha.com\/de\/produkt\/juni-licht-und-koerper\/","name":"6: Licht und K\u00f6rper - Amritabha","isPartOf":{"@id":"https:\/\/amritabha.com\/en\/#website"},"primaryImageOfPage":{"@id":"https:\/\/amritabha.com\/de\/produkt\/juni-licht-und-koerper\/#primaryimage"},"image":{"@id":"https:\/\/amritabha.com\/de\/produkt\/juni-licht-und-koerper\/#primaryimage"},"thumbnailUrl":"https:\/\/amritabha.com\/wp-content\/uploads\/2025\/05\/2025-06-Licht-und-Koerper.jpg","datePublished":"2025-06-01T00:01:59+00:00","dateModified":"2026-01-20T11:45:16+00:00","description":"Januar: In Verbindung mit diesem Sch\u00f6pfungskristall nehmen wir uns selbst an und finden Stabilit\u00e4t, Ausrichtung und F\u00fchrung.","breadcrumb":{"@id":"https:\/\/amritabha.com\/de\/produkt\/juni-licht-und-koerper\/#breadcrumb"},"inLanguage":"de","potentialAction":[{"@type":"ReadAction","target":["https:\/\/amritabha.com\/de\/produkt\/juni-licht-und-koerper\/"]}]},{"@type":"ImageObject","inLanguage":"de","@id":"https:\/\/amritabha.com\/de\/produkt\/juni-licht-und-koerper\/#primaryimage","url":"https:\/\/amritabha.com\/wp-content\/uploads\/2025\/05\/2025-06-Licht-und-Koerper.jpg","contentUrl":"https:\/\/amritabha.com\/wp-content\/uploads\/2025\/05\/2025-06-Licht-und-Koerper.jpg","width":600,"height":600},{"@type":"BreadcrumbList","@id":"https:\/\/amritabha.com\/de\/produkt\/juni-licht-und-koerper\/#breadcrumb","itemListElement":[{"@type":"ListItem","position":1,"name":"Home","item":"https:\/\/amritabha.com\/en\/"},{"@type":"ListItem","position":2,"name":"Shop","item":"https:\/\/amritabha.com\/de\/shop-2\/"},{"@type":"ListItem","position":3,"name":"6: Licht und K\u00f6rper"}]},{"@type":"WebSite","@id":"https:\/\/amritabha.com\/en\/#website","url":"https:\/\/amritabha.com\/en\/","name":"Amritabha","description":"a place to be your Self  &amp; Spiritual School in Alsace","publisher":{"@id":"https:\/\/amritabha.com\/en\/#organization"},"potentialAction":[{"@type":"SearchAction","target":{"@type":"EntryPoint","urlTemplate":"https:\/\/amritabha.com\/en\/?s={search_term_string}"},"query-input":{"@type":"PropertyValueSpecification","valueRequired":true,"valueName":"search_term_string"}}],"inLanguage":"de"},{"@type":"Organization","@id":"https:\/\/amritabha.com\/en\/#organization","name":"Amritabha","url":"https:\/\/amritabha.com\/en\/","logo":{"@type":"ImageObject","inLanguage":"de","@id":"https:\/\/amritabha.com\/en\/#\/schema\/logo\/image\/","url":"https:\/\/amritabha.com\/wp-content\/uploads\/2021\/05\/amritabha_color_transparent_OK.png","contentUrl":"https:\/\/amritabha.com\/wp-content\/uploads\/2021\/05\/amritabha_color_transparent_OK.png","width":640,"height":452,"caption":"Amritabha"},"image":{"@id":"https:\/\/amritabha.com\/en\/#\/schema\/logo\/image\/"}}]}},"_links":{"self":[{"href":"https:\/\/amritabha.com\/de\/wp-json\/wp\/v2\/product\/3756","targetHints":{"allow":["GET"]}}],"collection":[{"href":"https:\/\/amritabha.com\/de\/wp-json\/wp\/v2\/product"}],"about":[{"href":"https:\/\/amritabha.com\/de\/wp-json\/wp\/v2\/types\/product"}],"wp:featuredmedia":[{"embeddable":true,"href":"https:\/\/amritabha.com\/de\/wp-json\/wp\/v2\/media\/3759"}],"wp:attachment":[{"href":"https:\/\/amritabha.com\/de\/wp-json\/wp\/v2\/media?parent=3756"}],"wp:term":[{"taxonomy":"product_brand","embeddable":true,"href":"https:\/\/amritabha.com\/de\/wp-json\/wp\/v2\/product_brand?post=3756"},{"taxonomy":"product_cat","embeddable":true,"href":"https:\/\/amritabha.com\/de\/wp-json\/wp\/v2\/product_cat?post=3756"},{"taxonomy":"product_tag","embeddable":true,"href":"https:\/\/amritabha.com\/de\/wp-json\/wp\/v2\/product_tag?post=3756"}],"curies":[{"name":"wp","href":"https:\/\/api.w.org\/{rel}","templated":true}]}}