{"id":3381,"date":"2024-10-01T12:31:40","date_gmt":"2024-10-01T12:31:40","guid":{"rendered":"https:\/\/amritabha.com\/product\/yin-yang-mastery\/"},"modified":"2025-01-09T15:26:00","modified_gmt":"2025-01-09T15:26:00","slug":"yin-yang-mastery","status":"publish","type":"product","link":"https:\/\/amritabha.com\/de\/produkt\/yin-yang-mastery\/","title":{"rendered":"Yin-Yang-Mastery"},"content":{"rendered":"<h4>Hier ein Auszug aus dem Leitfaden:<\/h4>\n<p>&#8222;<strong>Was ist Yin? Was ist Yang?<\/strong><br \/>\nYin und Yang sind Begriffe aus der chinesischen Tradition. Sie beschreiben zwei Grundprinzipien, die wir \u00fcberall auf der Welt finden k\u00f6nnen, wenn wir ihnen Aufmerksamkeit schenken. Diese Prinzipien werden in der heutigen Zeit eine neue Qualit\u00e4t bekommen. Jeder, der die alten inneren und \u00e4u\u00dferen Konflikte hinter sich lassen m\u00f6chte, ist eingeladen, wieder auf diese reinen und unverf\u00e4lschten Qualit\u00e4ten zuzugreifen. Aber lass uns zun\u00e4chst einen Blick auf die Grundideen von Yin und Yang werfen:<\/p>\n<p><strong>Yin<\/strong><br \/>\nYin ist das empfangende Prinzip. Yin ist k\u00fchl, offen, dunkel und empf\u00e4nglich. Yin ist der Winter, der Mond, die Nacht, das Unterbewusstsein. Yin ist die Weisheit jenseits der oberfl\u00e4chlichen Erscheinungen. Es wird traditionell mit dem weiblichen Geschlecht \u2028in Verbindung gebracht.<\/p>\n<p><strong>Yang<\/strong><br \/>\nYang ist das sich ausdehnende Prinzip, die Qualit\u00e4t der Aktion und der klaren Richtung. Yang ist hei\u00df, voller Absicht, Licht und Kraft. Yang ist der Sommer, die Sonne, der Tag, das Bewusstsein. Es wird traditionell mit dem m\u00e4nnlichen Geschlecht in Verbindung gebracht. Nur wenn Yin und Yang einander bereichern, nur wenn sie zusammen tanzen und nicht um die Vorherrschaft k\u00e4mpfen, kann das Leben sch\u00f6n und erf\u00fcllend sein.<\/p>\n<p><strong>Niemand ist nur Yin oder nur Yang!<\/strong> Auch Frauen haben eine Yang-Qualit\u00e4t. Auch M\u00e4nner haben eine Yin-Qualit\u00e4t. Der erste Schritt zur pers\u00f6nlichen Erf\u00fcllung besteht daher darin, Yin und Yang in sich selbst zu verstehen und zu integrieren! \u2026\u201d\u2028\u2028Erfahre mehr \u00fcber die Kraft deines eigenen inneren Yin und Yang mit unserem Leitfaden \u2028und dem Meditationssymbol!<\/p>\n<p>Alles Liebe!<br \/>\nCanSan und Ola<\/p>\n","protected":false},"excerpt":{"rendered":"<p><strong>Pers\u00f6nlicher Leitfaden und Amritamala<\/strong> \u2028(Kraftsymbol zum tiefen Eintauchen durch Meditation)<\/p>\n<p>Erlebe, wie Yin und Yang, die Qualit\u00e4ten des Empfangens und der Ausdehnung, die Qualit\u00e4ten des Weiblichen und des M\u00e4nnlichen in uns dein Leben pr\u00e4gen. Erfahre, wie das Verst\u00e4ndnis von Yin und Yang in dir selbst zu mehr Klarheit und Fortschritt in deinem Leben f\u00fchrt, mit Hilfe dieses Leitfadens und des darin enthaltenen Meditationssymbols, einem \u201eAmritamala\u201c. Das Amritamala f\u00fchrt dich tief in das Bewusstsein von Yin und Yang hinein, ohne dass du dich anstrengen musst.<\/p>\n<p>Indem du Yin und Yang in dir erkundest, wirst du besser verstehen, wie die unterschiedlichen Aspekte deines Selbst ihre individuellen Aufgaben erfolgreicher meistern k\u00f6nnen, indem sie ihren einzigartigen St\u00e4rken folgen.<\/p>\n","protected":false},"featured_media":3368,"template":"","meta":[],"product_brand":[],"product_cat":[124],"product_tag":[],"class_list":{"0":"post-3381","1":"product","2":"type-product","3":"status-publish","4":"has-post-thumbnail","6":"product_cat-online-de","8":"first","9":"instock","10":"downloadable","11":"virtual","12":"taxable","13":"purchasable","14":"product-type-simple"},"yoast_head":"<!-- This site is optimized with the Yoast SEO plugin v27.2 - https:\/\/yoast.com\/product\/yoast-seo-wordpress\/ -->\n<title>Yin-Yang-Mastery - Amritabha<\/title>\n<meta name=\"robots\" content=\"index, follow, max-snippet:-1, max-image-preview:large, max-video-preview:-1\" \/>\n<link rel=\"canonical\" href=\"https:\/\/amritabha.com\/de\/produkt\/yin-yang-mastery\/\" \/>\n<meta property=\"og:locale\" content=\"de_DE\" \/>\n<meta property=\"og:type\" content=\"article\" \/>\n<meta property=\"og:title\" content=\"Yin-Yang-Mastery - Amritabha\" \/>\n<meta property=\"og:description\" content=\"Pers\u00f6nlicher Leitfaden und Amritamala \u2028(Kraftsymbol zum tiefen Eintauchen durch Meditation)  Erlebe, wie Yin und Yang, die Qualit\u00e4ten des Empfangens und der Ausdehnung, die Qualit\u00e4ten des Weiblichen und des M\u00e4nnlichen in uns dein Leben pr\u00e4gen. Erfahre, wie das Verst\u00e4ndnis von Yin und Yang in dir selbst zu mehr Klarheit und Fortschritt in deinem Leben f\u00fchrt, mit Hilfe dieses Leitfadens und des darin enthaltenen Meditationssymbols, einem \u201eAmritamala\u201c. Das Amritamala f\u00fchrt dich tief in das Bewusstsein von Yin und Yang hinein, ohne dass du dich anstrengen musst.  Indem du Yin und Yang in dir erkundest, wirst du besser verstehen, wie die unterschiedlichen Aspekte deines Selbst ihre individuellen Aufgaben erfolgreicher meistern k\u00f6nnen, indem sie ihren einzigartigen St\u00e4rken folgen.\" \/>\n<meta property=\"og:url\" content=\"https:\/\/amritabha.com\/de\/produkt\/yin-yang-mastery\/\" \/>\n<meta property=\"og:site_name\" content=\"Amritabha\" \/>\n<meta property=\"article:modified_time\" content=\"2025-01-09T15:26:00+00:00\" \/>\n<meta property=\"og:image\" content=\"https:\/\/amritabha.com\/wp-content\/uploads\/2024\/10\/m-Yin-Yang-Mastery-Amritamala.jpg\" \/>\n\t<meta property=\"og:image:width\" content=\"1200\" \/>\n\t<meta property=\"og:image:height\" content=\"631\" \/>\n\t<meta property=\"og:image:type\" content=\"image\/jpeg\" \/>\n<meta name=\"twitter:card\" content=\"summary_large_image\" \/>\n<meta name=\"twitter:label1\" content=\"Gesch\u00e4tzte Lesezeit\" \/>\n\t<meta name=\"twitter:data1\" content=\"2\u00a0Minuten\" \/>\n<script type=\"application\/ld+json\" class=\"yoast-schema-graph\">{\"@context\":\"https:\/\/schema.org\",\"@graph\":[{\"@type\":\"WebPage\",\"@id\":\"https:\/\/amritabha.com\/de\/produkt\/yin-yang-mastery\/\",\"url\":\"https:\/\/amritabha.com\/de\/produkt\/yin-yang-mastery\/\",\"name\":\"Yin-Yang-Mastery - Amritabha\",\"isPartOf\":{\"@id\":\"https:\/\/amritabha.com\/en\/#website\"},\"primaryImageOfPage\":{\"@id\":\"https:\/\/amritabha.com\/de\/produkt\/yin-yang-mastery\/#primaryimage\"},\"image\":{\"@id\":\"https:\/\/amritabha.com\/de\/produkt\/yin-yang-mastery\/#primaryimage\"},\"thumbnailUrl\":\"https:\/\/amritabha.com\/wp-content\/uploads\/2024\/10\/Yin-Yang-Mastery-Amritamala.jpg\",\"datePublished\":\"2024-10-01T12:31:40+00:00\",\"dateModified\":\"2025-01-09T15:26:00+00:00\",\"breadcrumb\":{\"@id\":\"https:\/\/amritabha.com\/de\/produkt\/yin-yang-mastery\/#breadcrumb\"},\"inLanguage\":\"de\",\"potentialAction\":[{\"@type\":\"ReadAction\",\"target\":[\"https:\/\/amritabha.com\/de\/produkt\/yin-yang-mastery\/\"]}]},{\"@type\":\"ImageObject\",\"inLanguage\":\"de\",\"@id\":\"https:\/\/amritabha.com\/de\/produkt\/yin-yang-mastery\/#primaryimage\",\"url\":\"https:\/\/amritabha.com\/wp-content\/uploads\/2024\/10\/Yin-Yang-Mastery-Amritamala.jpg\",\"contentUrl\":\"https:\/\/amritabha.com\/wp-content\/uploads\/2024\/10\/Yin-Yang-Mastery-Amritamala.jpg\",\"width\":600,\"height\":600},{\"@type\":\"BreadcrumbList\",\"@id\":\"https:\/\/amritabha.com\/de\/produkt\/yin-yang-mastery\/#breadcrumb\",\"itemListElement\":[{\"@type\":\"ListItem\",\"position\":1,\"name\":\"Home\",\"item\":\"https:\/\/amritabha.com\/en\/\"},{\"@type\":\"ListItem\",\"position\":2,\"name\":\"Shop\",\"item\":\"https:\/\/amritabha.com\/de\/shop-2\/\"},{\"@type\":\"ListItem\",\"position\":3,\"name\":\"Yin-Yang-Mastery\"}]},{\"@type\":\"WebSite\",\"@id\":\"https:\/\/amritabha.com\/en\/#website\",\"url\":\"https:\/\/amritabha.com\/en\/\",\"name\":\"Amritabha\",\"description\":\"a place to be your Self  &amp; Spiritual School in Alsace\",\"publisher\":{\"@id\":\"https:\/\/amritabha.com\/en\/#organization\"},\"potentialAction\":[{\"@type\":\"SearchAction\",\"target\":{\"@type\":\"EntryPoint\",\"urlTemplate\":\"https:\/\/amritabha.com\/en\/?s={search_term_string}\"},\"query-input\":{\"@type\":\"PropertyValueSpecification\",\"valueRequired\":true,\"valueName\":\"search_term_string\"}}],\"inLanguage\":\"de\"},{\"@type\":\"Organization\",\"@id\":\"https:\/\/amritabha.com\/en\/#organization\",\"name\":\"Amritabha\",\"url\":\"https:\/\/amritabha.com\/en\/\",\"logo\":{\"@type\":\"ImageObject\",\"inLanguage\":\"de\",\"@id\":\"https:\/\/amritabha.com\/en\/#\/schema\/logo\/image\/\",\"url\":\"https:\/\/amritabha.com\/wp-content\/uploads\/2021\/05\/amritabha_color_transparent_OK.png\",\"contentUrl\":\"https:\/\/amritabha.com\/wp-content\/uploads\/2021\/05\/amritabha_color_transparent_OK.png\",\"width\":640,\"height\":452,\"caption\":\"Amritabha\"},\"image\":{\"@id\":\"https:\/\/amritabha.com\/en\/#\/schema\/logo\/image\/\"}}]}<\/script>\n<!-- \/ Yoast SEO plugin. -->","yoast_head_json":{"title":"Yin-Yang-Mastery - Amritabha","robots":{"index":"index","follow":"follow","max-snippet":"max-snippet:-1","max-image-preview":"max-image-preview:large","max-video-preview":"max-video-preview:-1"},"canonical":"https:\/\/amritabha.com\/de\/produkt\/yin-yang-mastery\/","og_locale":"de_DE","og_type":"article","og_title":"Yin-Yang-Mastery - Amritabha","og_description":"Pers\u00f6nlicher Leitfaden und Amritamala \u2028(Kraftsymbol zum tiefen Eintauchen durch Meditation)  Erlebe, wie Yin und Yang, die Qualit\u00e4ten des Empfangens und der Ausdehnung, die Qualit\u00e4ten des Weiblichen und des M\u00e4nnlichen in uns dein Leben pr\u00e4gen. Erfahre, wie das Verst\u00e4ndnis von Yin und Yang in dir selbst zu mehr Klarheit und Fortschritt in deinem Leben f\u00fchrt, mit Hilfe dieses Leitfadens und des darin enthaltenen Meditationssymbols, einem \u201eAmritamala\u201c. Das Amritamala f\u00fchrt dich tief in das Bewusstsein von Yin und Yang hinein, ohne dass du dich anstrengen musst.  Indem du Yin und Yang in dir erkundest, wirst du besser verstehen, wie die unterschiedlichen Aspekte deines Selbst ihre individuellen Aufgaben erfolgreicher meistern k\u00f6nnen, indem sie ihren einzigartigen St\u00e4rken folgen.","og_url":"https:\/\/amritabha.com\/de\/produkt\/yin-yang-mastery\/","og_site_name":"Amritabha","article_modified_time":"2025-01-09T15:26:00+00:00","og_image":[{"width":1200,"height":631,"url":"https:\/\/amritabha.com\/wp-content\/uploads\/2024\/10\/m-Yin-Yang-Mastery-Amritamala.jpg","type":"image\/jpeg"}],"twitter_card":"summary_large_image","twitter_misc":{"Gesch\u00e4tzte Lesezeit":"2\u00a0Minuten"},"schema":{"@context":"https:\/\/schema.org","@graph":[{"@type":"WebPage","@id":"https:\/\/amritabha.com\/de\/produkt\/yin-yang-mastery\/","url":"https:\/\/amritabha.com\/de\/produkt\/yin-yang-mastery\/","name":"Yin-Yang-Mastery - Amritabha","isPartOf":{"@id":"https:\/\/amritabha.com\/en\/#website"},"primaryImageOfPage":{"@id":"https:\/\/amritabha.com\/de\/produkt\/yin-yang-mastery\/#primaryimage"},"image":{"@id":"https:\/\/amritabha.com\/de\/produkt\/yin-yang-mastery\/#primaryimage"},"thumbnailUrl":"https:\/\/amritabha.com\/wp-content\/uploads\/2024\/10\/Yin-Yang-Mastery-Amritamala.jpg","datePublished":"2024-10-01T12:31:40+00:00","dateModified":"2025-01-09T15:26:00+00:00","breadcrumb":{"@id":"https:\/\/amritabha.com\/de\/produkt\/yin-yang-mastery\/#breadcrumb"},"inLanguage":"de","potentialAction":[{"@type":"ReadAction","target":["https:\/\/amritabha.com\/de\/produkt\/yin-yang-mastery\/"]}]},{"@type":"ImageObject","inLanguage":"de","@id":"https:\/\/amritabha.com\/de\/produkt\/yin-yang-mastery\/#primaryimage","url":"https:\/\/amritabha.com\/wp-content\/uploads\/2024\/10\/Yin-Yang-Mastery-Amritamala.jpg","contentUrl":"https:\/\/amritabha.com\/wp-content\/uploads\/2024\/10\/Yin-Yang-Mastery-Amritamala.jpg","width":600,"height":600},{"@type":"BreadcrumbList","@id":"https:\/\/amritabha.com\/de\/produkt\/yin-yang-mastery\/#breadcrumb","itemListElement":[{"@type":"ListItem","position":1,"name":"Home","item":"https:\/\/amritabha.com\/en\/"},{"@type":"ListItem","position":2,"name":"Shop","item":"https:\/\/amritabha.com\/de\/shop-2\/"},{"@type":"ListItem","position":3,"name":"Yin-Yang-Mastery"}]},{"@type":"WebSite","@id":"https:\/\/amritabha.com\/en\/#website","url":"https:\/\/amritabha.com\/en\/","name":"Amritabha","description":"a place to be your Self  &amp; Spiritual School in Alsace","publisher":{"@id":"https:\/\/amritabha.com\/en\/#organization"},"potentialAction":[{"@type":"SearchAction","target":{"@type":"EntryPoint","urlTemplate":"https:\/\/amritabha.com\/en\/?s={search_term_string}"},"query-input":{"@type":"PropertyValueSpecification","valueRequired":true,"valueName":"search_term_string"}}],"inLanguage":"de"},{"@type":"Organization","@id":"https:\/\/amritabha.com\/en\/#organization","name":"Amritabha","url":"https:\/\/amritabha.com\/en\/","logo":{"@type":"ImageObject","inLanguage":"de","@id":"https:\/\/amritabha.com\/en\/#\/schema\/logo\/image\/","url":"https:\/\/amritabha.com\/wp-content\/uploads\/2021\/05\/amritabha_color_transparent_OK.png","contentUrl":"https:\/\/amritabha.com\/wp-content\/uploads\/2021\/05\/amritabha_color_transparent_OK.png","width":640,"height":452,"caption":"Amritabha"},"image":{"@id":"https:\/\/amritabha.com\/en\/#\/schema\/logo\/image\/"}}]}},"_links":{"self":[{"href":"https:\/\/amritabha.com\/de\/wp-json\/wp\/v2\/product\/3381","targetHints":{"allow":["GET"]}}],"collection":[{"href":"https:\/\/amritabha.com\/de\/wp-json\/wp\/v2\/product"}],"about":[{"href":"https:\/\/amritabha.com\/de\/wp-json\/wp\/v2\/types\/product"}],"wp:featuredmedia":[{"embeddable":true,"href":"https:\/\/amritabha.com\/de\/wp-json\/wp\/v2\/media\/3368"}],"wp:attachment":[{"href":"https:\/\/amritabha.com\/de\/wp-json\/wp\/v2\/media?parent=3381"}],"wp:term":[{"taxonomy":"product_brand","embeddable":true,"href":"https:\/\/amritabha.com\/de\/wp-json\/wp\/v2\/product_brand?post=3381"},{"taxonomy":"product_cat","embeddable":true,"href":"https:\/\/amritabha.com\/de\/wp-json\/wp\/v2\/product_cat?post=3381"},{"taxonomy":"product_tag","embeddable":true,"href":"https:\/\/amritabha.com\/de\/wp-json\/wp\/v2\/product_tag?post=3381"}],"curies":[{"name":"wp","href":"https:\/\/api.w.org\/{rel}","templated":true}]}}